{"id":18,"date":"2023-07-03T12:00:29","date_gmt":"2023-07-03T12:00:29","guid":{"rendered":"http:\/\/demos.famethemes.com\/screenr\/?page_id=18"},"modified":"2025-07-21T01:35:21","modified_gmt":"2025-07-20T22:35:21","slug":"elektronik-kart-tasarim","status":"publish","type":"page","link":"https:\/\/bnbsoft.net\/index.php\/elektronik-kart-tasarim\/","title":{"rendered":"Elektronik Kart Tasar\u0131m\u0131"},"content":{"rendered":"\n<p><strong>Kocaeli merkezli m\u00fchendislik ekibimizle \u00f6zg\u00fcn ve y\u00fcksek performansl\u0131 elektronik kart tasar\u0131mlar\u0131 sunuyoruz.<\/strong><\/p>\n\n\n\n<p>End\u00fcstriyel, medikal, otomotiv, ula\u015f\u0131m ve IoT projeleri i\u00e7in \u00f6zel elektronik devre kart\u0131 tasar\u0131m\u0131 yap\u0131yor; fikir a\u015famas\u0131ndan \u00fcretime kadar t\u00fcm s\u00fcre\u00e7leri profesyonelce y\u00f6netiyoruz. Geli\u015ftirdi\u011fimiz kartlar, y\u00fcksek kalite standartlar\u0131na uygun, test edilmi\u015f ve seri \u00fcretime haz\u0131rd\u0131r.<\/p>\n\n\n\n<p><strong>Neler Sunuyoruz?<\/strong><\/p>\n\n\n\n<ul class=\"wp-block-list\">\n<li>Analog ve dijital devre tasar\u0131m\u0131<\/li>\n\n\n\n<li>PCB \u015fematik ve layout \u00e7izimi (Altium, KiCAD, Eagle vb.)<\/li>\n\n\n\n<li>Prototipleme ve test<\/li>\n\n\n\n<li>Seri \u00fcretime uygunluk dan\u0131\u015fmanl\u0131\u011f\u0131<\/li>\n\n\n\n<li>EMC ve sinyal b\u00fct\u00fcnl\u00fc\u011f\u00fc analizleri<\/li>\n<\/ul>\n\n\n\n<p>Kocaeli\u2019de faaliyet g\u00f6steren firmam\u0131z, T\u00fcrkiye\u2019nin d\u00f6rt bir yan\u0131na hizmet verirken yerel i\u015f birlikleriyle b\u00f6lge ekonomisine de katk\u0131 sa\u011fl\u0131yor.<\/p>\n","protected":false},"excerpt":{"rendered":"<p>End\u00fcstriyel ve \u00f6zel projeler i\u00e7in y\u00fcksek performansl\u0131 PCB tasar\u0131m\u0131, prototipleme ve \u00fcretim deste\u011fi sunuyoruz. G\u00fcvenilir, \u00f6zg\u00fcn ve test edilmi\u015f kartlar ile projelerinize g\u00fc\u00e7 kat\u0131n.<\/p>\n","protected":false},"author":1,"featured_media":0,"parent":0,"menu_order":0,"comment_status":"closed","ping_status":"closed","template":"","meta":{"footnotes":""},"class_list":["post-18","page","type-page","status-publish","hentry"],"_links":{"self":[{"href":"https:\/\/bnbsoft.net\/index.php\/wp-json\/wp\/v2\/pages\/18","targetHints":{"allow":["GET"]}}],"collection":[{"href":"https:\/\/bnbsoft.net\/index.php\/wp-json\/wp\/v2\/pages"}],"about":[{"href":"https:\/\/bnbsoft.net\/index.php\/wp-json\/wp\/v2\/types\/page"}],"author":[{"embeddable":true,"href":"https:\/\/bnbsoft.net\/index.php\/wp-json\/wp\/v2\/users\/1"}],"replies":[{"embeddable":true,"href":"https:\/\/bnbsoft.net\/index.php\/wp-json\/wp\/v2\/comments?post=18"}],"version-history":[{"count":3,"href":"https:\/\/bnbsoft.net\/index.php\/wp-json\/wp\/v2\/pages\/18\/revisions"}],"predecessor-version":[{"id":1236,"href":"https:\/\/bnbsoft.net\/index.php\/wp-json\/wp\/v2\/pages\/18\/revisions\/1236"}],"wp:attachment":[{"href":"https:\/\/bnbsoft.net\/index.php\/wp-json\/wp\/v2\/media?parent=18"}],"curies":[{"name":"wp","href":"https:\/\/api.w.org\/{rel}","templated":true}]}}